{"id":3640,"date":"2023-12-07T23:23:57","date_gmt":"2023-12-07T23:23:57","guid":{"rendered":"https:\/\/miabogadodeleylimon.com\/?page_id=3640"},"modified":"2023-12-07T23:25:23","modified_gmt":"2023-12-07T23:25:23","slug":"sitemap","status":"publish","type":"page","link":"https:\/\/miabo.mylemonlawlawyer.com\/en\/sitemap\/","title":{"rendered":"Sitemap"},"content":{"rendered":"<h1>SITEMAP<\/h1>\n<div><div class=\"aioseo-html-sitemap\"><style>.aioseo-html-sitemap.labels-hidden ul { margin: 0; }<\/style><div class=\"aioseo-html-post-sitemap\"><h4>Posts<\/h4><ul><li><a href=\"https:\/\/miabo.mylemonlawlawyer.com\/en\/crees-que-tu-auto-es-un-limon\/\" >\u00bfCrees que Tu Auto es un Lim\u00f3n?<\/a><\/li><li><a href=\"https:\/\/miabo.mylemonlawlawyer.com\/en\/tomara-mi-caso-mas-tiempo-en-resolverse-si-cambio-de-abogado\/\" >\u00bfMi Caso Tomar\u00e1 M\u00e1s Tiempo en Resolverse Si Cambio de Abogado?<\/a><\/li><li><a href=\"https:\/\/miabo.mylemonlawlawyer.com\/en\/puedo-devolver-ford-expedition-a-ford-si-el-volante-sigue-temblando-y-no-pueden-arreglarlo\/\" >\u00bfPuedo Devolver Ford Expedition a Ford Si el Volante Sigue Temblando y No Pueden Arreglarlo?<\/a><\/li><li><a href=\"https:\/\/miabo.mylemonlawlawyer.com\/en\/puedo-devolver-ford-super-duty-f-250-f-350-a-ford-si-el-volante-sigue-temblando-y-no-pueden-arreglarlo\/\" >\u00bfPuedo Devolver Ford Super Duty F-250 F-350 a Ford Si el Volante Sigue Temblando y No Pueden Arreglarlo?<\/a><\/li><li><a href=\"https:\/\/miabo.mylemonlawlawyer.com\/en\/que-es-un-reemplazo-de-vehiculo\/\" >\u00bfQu\u00e9 es un reemplazo de veh\u00edculo?<\/a><\/li><li><a href=\"https:\/\/miabo.mylemonlawlawyer.com\/en\/que-es-un-retiro-de-producto\/\" >\u00bfQu\u00e9 es un Retiro de Producto?<\/a><\/li><li><a href=\"https:\/\/miabo.mylemonlawlawyer.com\/en\/se-aplica-la-ley-del-limon-a-mi-vehiculo-usado\/\" >\u00bfSe aplica la Ley del Lim\u00f3n a mi veh\u00edculo usado?<\/a><\/li><li><a href=\"https:\/\/miabo.mylemonlawlawyer.com\/en\/defectos-de-ford-para-2017-2023f-150-y-f-250\/\" >Defectos de Ford para 2017-2023 F-150 y F-250<\/a><\/li><li><a href=\"https:\/\/miabo.mylemonlawlawyer.com\/en\/el-papel-de-un-abogado-experto-en-maximizar-la-compensacion-y-minimizar-las-deducciones-en-danos-por-vehiculos-defectuosos\/\" >El Papel de un Abogado Experto en Maximizar la Compensaci\u00f3n y Minimizar las Deducciones en Da\u00f1os por Veh\u00edculos Defectuosos<\/a><\/li><li><a href=\"https:\/\/miabo.mylemonlawlawyer.com\/en\/excepcion-militar-para-la-ley-de-limon-de-california\/\" >Excepci\u00f3n Militar para la Ley de Lim\u00f3n de California<\/a><\/li><li><a href=\"https:\/\/miabo.mylemonlawlawyer.com\/en\/ford-se-ha-vuelto-infame-por-la-ford-shake\/\" >Ford se ha vuelto infame por la &#8220;Sacudida de Ford&#8221;<\/a><\/li><li><a href=\"https:\/\/miabo.mylemonlawlawyer.com\/en\/compensacion-de-millaje-o-tarifa-de-uso-es-un-termino-utilizado-en-leyes-de-proteccion-al-consumidor\/\" >La compensaci\u00f3n de millaje o tarifa de uso es un t\u00e9rmino utilizado en las leyes de protecci\u00f3n al consumidor.<\/a><\/li><li><a href=\"https:\/\/miabo.mylemonlawlawyer.com\/en\/la-importancia-de-informar-de-manera-pronta-los-defectos-en-el-concesionario-para-reducir-el-desfase-de-kilometraje\/\" >La Importancia de Informar de manera Pronta los Defectos en el Concesionario para Reducir el Desfase de Kilometraje<\/a><\/li><li><a href=\"https:\/\/miabo.mylemonlawlawyer.com\/en\/las-5-defectos-de-autos-mas-aterradores-de-todos-los-tiempos\/\" >Las 5 Defectos de Autos M\u00e1s Aterradores de Todos los Tiempos<\/a><\/li><li><a href=\"https:\/\/miabo.mylemonlawlawyer.com\/en\/navegando-leyes-de-garantia-que-hacer-cuando-tus-problemas-de-auto-persisten-en-el-concesionario\/\" >Navegando las leyes de garant\u00eda: Qu\u00e9 hacer cuando los problemas de tu coche persisten en el concesionario<\/a><\/li><\/ul><\/div><br \/><div class=\"aioseo-html-page-sitemap\"><h4>Pages<\/h4><ul><li><a href=\"https:\/\/miabo.mylemonlawlawyer.com\/en\/about\/\" >About<\/a><\/li><li><a href=\"https:\/\/miabo.mylemonlawlawyer.com\/en\/contact\/\" >Contact<\/a><\/li><li><a href=\"https:\/\/miabo.mylemonlawlawyer.com\/en\/free-case-review\/\" >Free Case Review<\/a><\/li><li><a href=\"https:\/\/miabo.mylemonlawlawyer.com\/en\/univision\/\" >Gana Tu Casa Legal: univision<\/a><\/li><li><a href=\"https:\/\/miabo.mylemonlawlawyer.com\/en\/nbc\/\" >Gana Tu Caso Legal: nbc<\/a><\/li><li><a href=\"https:\/\/miabo.mylemonlawlawyer.com\/en\/retargeting\/\" >Gana Tu Caso Legal: Retargeting<\/a><\/li><li><a href=\"https:\/\/miabo.mylemonlawlawyer.com\/en\/spotify\/\" >Gana Tu Caso Legal: Spotify<\/a><\/li><li><a href=\"https:\/\/miabo.mylemonlawlawyer.com\/en\/telemundo\/\" >Gana Tu Caso Legal: telemundo<\/a><\/li><li><a href=\"https:\/\/miabo.mylemonlawlawyer.com\/en\/univis\/\" >Gana Tu Caso Legal: univis<\/a><\/li><li><a href=\"https:\/\/miabo.mylemonlawlawyer.com\/en\/limon\/\" >Limon<\/a><\/li><li><a href=\"https:\/\/miabo.mylemonlawlawyer.com\/en\/\" >Mi Abogado de Ley Limon<\/a><\/li><li><a href=\"https:\/\/miabo.mylemonlawlawyer.com\/en\/noticias\/\" >Noticias<\/a><\/li><li><a href=\"https:\/\/miabo.mylemonlawlawyer.com\/en\/policies\/\" >Pol\u00edticas<\/a><\/li><li><a href=\"https:\/\/miabo.mylemonlawlawyer.com\/en\/preguntas-frecuentes\/\" >Preguntas Frecuentes<\/a><\/li><li><a href=\"https:\/\/miabo.mylemonlawlawyer.com\/en\/sitemap\/\" >Sitemap<\/a><\/li><li><a href=\"https:\/\/miabo.mylemonlawlawyer.com\/en\/text-policy\/\" >Text Policy<\/a><\/li><li><a href=\"https:\/\/miabo.mylemonlawlawyer.com\/en\/thank-you\/\" >Thank You<\/a><\/li><li><a href=\"https:\/\/miabo.mylemonlawlawyer.com\/en\/thank-you-nbc\/\" >Thank You: nbc<\/a><\/li><li><a href=\"https:\/\/miabo.mylemonlawlawyer.com\/en\/thank-you-telemundo\/\" >Thank You: telemundo<\/a><\/li><li><a href=\"https:\/\/miabo.mylemonlawlawyer.com\/en\/thank-you-univis\/\" >Thank You: univis<\/a><\/li><li><a href=\"https:\/\/miabo.mylemonlawlawyer.com\/en\/thank-you-univision\/\" >Thank You: univision<\/a><\/li><\/ul><\/div><br \/><div class=\"aioseo-html-category-sitemap\"><h4>Categories<\/h4><ul><li><a href=\"https:\/\/miabo.mylemonlawlawyer.com\/en\/category\/ley-limon\/\" >Ley Lim\u00f3n<\/a><\/li><li><a href=\"https:\/\/miabo.mylemonlawlawyer.com\/en\/category\/noticias\/\" >Noticias<\/a><\/li><\/ul><\/div><br \/><\/div><\/div>\n<hr>\n<p><!--more--><br \/>\n<!-- {\"type\":\"layout\",\"children\":[{\"type\":\"section\",\"props\":{\"header_transparent\":\"dark\",\"header_transparent_noplaceholder\":false,\"image\":\"\\\/wp-content\\\/uploads\\\/hb-about.jpg\",\"image_position\":\"top-center\",\"image_size\":\"cover\",\"overlap\":false,\"padding_remove_top\":false,\"style\":\"default\",\"text_color\":\"light\",\"title_breakpoint\":\"xl\",\"title_position\":\"top-left\",\"title_rotation\":\"left\",\"vertical_align\":\"middle\",\"width\":\"\"},\"children\":[{\"type\":\"row\",\"children\":[{\"type\":\"column\",\"props\":{\"image_position\":\"center-center\",\"position_sticky_breakpoint\":\"m\"},\"children\":[{\"type\":\"headline\",\"props\":{\"content\":\"SITEMAP\",\"text_align\":\"center\",\"title_element\":\"h1\"}}]}]}]},{\"type\":\"section\",\"props\":{\"class\":\"breaddies\",\"image_position\":\"center-center\",\"padding\":\"xsmall\",\"style\":\"muted\",\"title_breakpoint\":\"xl\",\"title_position\":\"top-left\",\"title_rotation\":\"left\",\"vertical_align\":\"middle\",\"width\":\"default\"},\"children\":[{\"type\":\"row\",\"children\":[{\"type\":\"column\",\"props\":{\"image_position\":\"center-center\",\"position_sticky_breakpoint\":\"m\"},\"children\":[{\"type\":\"breadcrumbs\",\"props\":{\"show_current\":true,\"show_home\":true}}]}]}]},{\"type\":\"section\",\"props\":{\"image_position\":\"center-center\",\"style\":\"default\",\"title_breakpoint\":\"xl\",\"title_position\":\"top-left\",\"title_rotation\":\"left\",\"vertical_align\":\"middle\",\"width\":\"default\"},\"children\":[{\"type\":\"row\",\"props\":{\"layout\":\"2-3,1-3\"},\"children\":[{\"type\":\"column\",\"props\":{\"image_position\":\"center-center\",\"position_sticky_breakpoint\":\"m\",\"width_medium\":\"2-3\"},\"children\":[{\"type\":\"text\",\"props\":{\"class\":\"sitemap-links\",\"column\":\"1-2\",\"column_breakpoint\":\"m\",\"content\":\"[aioseo_html_sitemap]\",\"margin\":\"default\",\"text_align\":\"justify\"}}]},{\"type\":\"column\",\"props\":{\"image_position\":\"center-center\",\"position_sticky_breakpoint\":\"m\",\"width_medium\":\"1-3\"},\"children\":[{\"type\":\"module\",\"props\":{\"menu_image_align\":\"center\",\"menu_image_margin\":true,\"menu_style\":\"default\",\"menu_type\":\"nav\",\"type\":\"custom_html\",\"widget\":\"custom_html-4\"}}]}]}]},{\"type\":\"section\",\"props\":{\"image_position\":\"center-center\",\"padding\":\"xsmall\",\"style\":\"primary\",\"title_breakpoint\":\"xl\",\"title_position\":\"top-left\",\"title_rotation\":\"left\",\"vertical_align\":\"middle\",\"width\":\"default\"},\"children\":[{\"type\":\"row\",\"props\":{\"layout\":\"1-3,2-3\"},\"children\":[{\"type\":\"column\",\"props\":{\"image_position\":\"center-center\",\"position_sticky_breakpoint\":\"m\",\"width_medium\":\"1-3\"},\"children\":[{\"type\":\"module\",\"props\":{\"menu_image_align\":\"center\",\"menu_image_margin\":true,\"menu_style\":\"default\",\"menu_type\":\"nav\",\"type\":\"custom_html\",\"widget\":\"custom_html-5\"}}]},{\"type\":\"column\",\"props\":{\"image_position\":\"center-center\",\"position_sticky_breakpoint\":\"m\",\"width_medium\":\"2-3\"},\"children\":[{\"type\":\"module\",\"props\":{\"menu_image_align\":\"center\",\"menu_image_margin\":true,\"menu_style\":\"default\",\"menu_type\":\"nav\",\"type\":\"custom_html\",\"widget\":\"custom_html-6\"}}]}]},{\"type\":\"row\",\"children\":[{\"type\":\"column\",\"props\":{\"image_position\":\"center-center\",\"position_sticky_breakpoint\":\"m\"},\"children\":[{\"type\":\"divider\",\"props\":{\"divider_align\":\"center\",\"divider_element\":\"hr\"}}]}]}]}],\"version\":\"4.2.6\"} --><\/p>\n","protected":false},"excerpt":{"rendered":"<p>SITEMAP<\/p>","protected":false},"author":1,"featured_media":0,"parent":0,"menu_order":0,"comment_status":"closed","ping_status":"closed","template":"","meta":{"_monsterinsights_skip_tracking":false,"_monsterinsights_sitenote_active":false,"_monsterinsights_sitenote_note":"","_monsterinsights_sitenote_category":0,"footnotes":""},"class_list":["post-3640","page","type-page","status-publish","hentry"],"aioseo_notices":[],"_links":{"self":[{"href":"https:\/\/miabo.mylemonlawlawyer.com\/en\/wp-json\/wp\/v2\/pages\/3640","targetHints":{"allow":["GET"]}}],"collection":[{"href":"https:\/\/miabo.mylemonlawlawyer.com\/en\/wp-json\/wp\/v2\/pages"}],"about":[{"href":"https:\/\/miabo.mylemonlawlawyer.com\/en\/wp-json\/wp\/v2\/types\/page"}],"author":[{"embeddable":true,"href":"https:\/\/miabo.mylemonlawlawyer.com\/en\/wp-json\/wp\/v2\/users\/1"}],"replies":[{"embeddable":true,"href":"https:\/\/miabo.mylemonlawlawyer.com\/en\/wp-json\/wp\/v2\/comments?post=3640"}],"version-history":[{"count":3,"href":"https:\/\/miabo.mylemonlawlawyer.com\/en\/wp-json\/wp\/v2\/pages\/3640\/revisions"}],"predecessor-version":[{"id":3643,"href":"https:\/\/miabo.mylemonlawlawyer.com\/en\/wp-json\/wp\/v2\/pages\/3640\/revisions\/3643"}],"wp:attachment":[{"href":"https:\/\/miabo.mylemonlawlawyer.com\/en\/wp-json\/wp\/v2\/media?parent=3640"}],"curies":[{"name":"wp","href":"https:\/\/api.w.org\/{rel}","templated":true}]}}