{"id":3302,"date":"2023-05-03T18:48:50","date_gmt":"2023-05-03T18:48:50","guid":{"rendered":"https:\/\/www.mylemonlawlawyer.com\/?page_id=3302"},"modified":"2023-05-19T12:44:13","modified_gmt":"2023-05-19T12:44:13","slug":"text-policy","status":"publish","type":"page","link":"https:\/\/miabo.mylemonlawlawyer.com\/en\/text-policy\/","title":{"rendered":"Text Policy"},"content":{"rendered":"<h1>Pol\u00edtica de Texto<\/h1>\n<div><strong>Pol\u00edtica de Mensajer\u00eda de Texto:<\/strong><\/p>\n<p>Responda S\u00cd para recibir actualizaciones e informaci\u00f3n de mi abogado de la ley lim\u00f3n. Responda STOP para cancelar y darse de baja. Se pueden aplicar tarifas y uso de mensajes y datos.<\/p>\n<p>Cualquiera que se comunique con mi abogado de la ley lim\u00f3n v- shortcode 40222. Puede optar por no participar siguiendo las pautas definidas en el programa de suscripci\u00f3n y exclusi\u00f3n anterior.<\/p><\/div>\n<p><!--more--><br \/>\n<!-- {\"type\":\"layout\",\"children\":[{\"type\":\"section\",\"props\":{\"image_position\":\"center-center\",\"style\":\"default\",\"title_breakpoint\":\"xl\",\"title_position\":\"top-left\",\"title_rotation\":\"left\",\"vertical_align\":\"middle\",\"width\":\"default\"},\"children\":[{\"type\":\"row\",\"children\":[{\"type\":\"column\",\"props\":{\"image_position\":\"center-center\",\"media_overlay_gradient\":\"\",\"position_sticky_breakpoint\":\"m\"},\"children\":[{\"type\":\"headline\",\"props\":{\"content\":\"Pol\\u00edtica de Texto\",\"title_element\":\"h1\"}},{\"type\":\"text\",\"props\":{\"column_breakpoint\":\"m\",\"content\":\"<strong>Pol\\u00edtica de Mensajer\\u00eda de Texto:<\\\/strong>\\n\n\n\\nResponda S\\u00cd para recibir actualizaciones e informaci\\u00f3n de mi abogado de la ley lim\\u00f3n. Responda STOP para cancelar y darse de baja. Se pueden aplicar tarifas y uso de mensajes y datos.\\n\n\n\\nCualquiera que se comunique con mi abogado de la ley lim\\u00f3n v- shortcode 40222. Puede optar por no participar siguiendo las pautas definidas en el programa de suscripci\\u00f3n y exclusi\\u00f3n anterior.\",\"margin\":\"default\"}}]}]}]}],\"version\":\"3.0.31\"} --><\/p>\n","protected":false},"excerpt":{"rendered":"<p>Pol\u00edtica de Texto Pol\u00edtica de Mensajer\u00eda de Texto: Responda S\u00cd para recibir actualizaciones e informaci\u00f3n de mi abogado de la ley lim\u00f3n. Responda STOP para cancelar y darse de baja. Se pueden aplicar tarifas y uso de mensajes y datos. Cualquiera que se comunique con mi abogado de la ley lim\u00f3n v- shortcode 40222. Puede [&hellip;]<\/p>\n","protected":false},"author":1,"featured_media":0,"parent":0,"menu_order":0,"comment_status":"closed","ping_status":"closed","template":"","meta":{"_monsterinsights_skip_tracking":false,"_monsterinsights_sitenote_active":false,"_monsterinsights_sitenote_note":"","_monsterinsights_sitenote_category":0,"footnotes":""},"class_list":["post-3302","page","type-page","status-publish","hentry"],"aioseo_notices":[],"_links":{"self":[{"href":"https:\/\/miabo.mylemonlawlawyer.com\/en\/wp-json\/wp\/v2\/pages\/3302","targetHints":{"allow":["GET"]}}],"collection":[{"href":"https:\/\/miabo.mylemonlawlawyer.com\/en\/wp-json\/wp\/v2\/pages"}],"about":[{"href":"https:\/\/miabo.mylemonlawlawyer.com\/en\/wp-json\/wp\/v2\/types\/page"}],"author":[{"embeddable":true,"href":"https:\/\/miabo.mylemonlawlawyer.com\/en\/wp-json\/wp\/v2\/users\/1"}],"replies":[{"embeddable":true,"href":"https:\/\/miabo.mylemonlawlawyer.com\/en\/wp-json\/wp\/v2\/comments?post=3302"}],"version-history":[{"count":4,"href":"https:\/\/miabo.mylemonlawlawyer.com\/en\/wp-json\/wp\/v2\/pages\/3302\/revisions"}],"predecessor-version":[{"id":3355,"href":"https:\/\/miabo.mylemonlawlawyer.com\/en\/wp-json\/wp\/v2\/pages\/3302\/revisions\/3355"}],"wp:attachment":[{"href":"https:\/\/miabo.mylemonlawlawyer.com\/en\/wp-json\/wp\/v2\/media?parent=3302"}],"curies":[{"name":"wp","href":"https:\/\/api.w.org\/{rel}","templated":true}]}}